{"id":153,"date":"2025-09-04T00:17:29","date_gmt":"2025-09-03T21:17:29","guid":{"rendered":"https:\/\/dronai360.lt\/?page_id=153"},"modified":"2025-12-22T00:18:34","modified_gmt":"2025-12-21T21:18:34","slug":"services","status":"publish","type":"page","link":"https:\/\/dronai360.lt\/en\/services\/","title":{"rendered":"Services"},"content":{"rendered":"<h1 class=\"wp-block-heading alignwide has-custom-white-color has-text-color has-link-color wp-elements-4785873714bbeb7755ed4bc945848fee\"><strong>SERVICES<\/strong><\/h1>\n\n\n\n<div class=\"wp-block-group alignwide has-global-padding is-layout-constrained wp-block-group-is-layout-constrained\">\n<figure class=\"wp-block-table alignwide has-medium-font-size\"><table class=\"has-custom-white-color has-custom-black-background-color has-text-color has-background has-link-color has-border-color has-custom-white-border-color has-fixed-layout\"><tbody><tr><td class=\"has-text-align-center\" data-align=\"center\"><strong><mark style=\"background-color:rgba(0, 0, 0, 0)\" class=\"has-inline-color has-custom-yellow-color\">Shooting video with a camera drone (\"DJI\")<\/mark><\/strong><\/td><td class=\"has-text-align-left\" data-align=\"left\">Resolution: up to 4K<br>Up to 60fps<br>Suitable for outdoors<\/td><td class=\"has-text-align-center\" data-align=\"center\"><em><em>from 29\u20ac<\/em>\/hour<\/em><\/td><\/tr><tr><td class=\"has-text-align-center\" data-align=\"center\"><strong><mark style=\"background-color:rgba(0, 0, 0, 0)\" class=\"has-inline-color has-custom-yellow-color\">Photography with a camera drone (\"DJI\")<\/mark><\/strong><\/td><td class=\"has-text-align-left\" data-align=\"left\">Resolution: up to 4K<br>Suitable for outdoors<\/td><td class=\"has-text-align-center\" data-align=\"center\"><em><em>from 29\u20ac<\/em>\/hour<\/em><\/td><\/tr><tr><td class=\"has-text-align-center\" data-align=\"center\"><strong><mark style=\"background-color:rgba(0, 0, 0, 0)\" class=\"has-inline-color has-custom-yellow-color\">360\u00b0 Photography<\/mark><\/strong><\/td><td class=\"has-text-align-left\" data-align=\"left\">360\u00b0 panoramic photos<br>Resolution: up to 5.7K<br>Available to view in the browser, mobile devices, and VR platforms.<\/td><td class=\"has-text-align-center\" data-align=\"center\"><em><em>from 29\u20ac<\/em>\/hour<\/em><\/td><\/tr><tr><td class=\"has-text-align-center\" data-align=\"center\"><strong><mark style=\"background-color:rgba(0, 0, 0, 0)\" class=\"has-inline-color has-custom-yellow-color\">360\u00b0 Video<\/mark><\/strong><\/td><td class=\"has-text-align-left\" data-align=\"left\">360\u00b0 panoramic video<br>Resolution: up to 5.7K<br>Available to view in the browser, mobile devices, and VR platforms.<\/td><td class=\"has-text-align-center\" data-align=\"center\"><em><em>from 29\u20ac<\/em>\/hour<\/em><\/td><\/tr><tr><td class=\"has-text-align-center\" data-align=\"center\"><mark style=\"background-color:rgba(0, 0, 0, 0)\" class=\"has-inline-color has-custom-yellow-color\"><strong>Shooting video with FPV drone<\/strong><\/mark><\/td><td class=\"has-text-align-left\" data-align=\"left\">Resolution: up to 4K<br>Up to 120fps<br>Suitable for outdoors &amp; indoors<\/td><td class=\"has-text-align-center\" data-align=\"center\"><em>from 39\u20ac<\/em>\/hour<\/td><\/tr><tr><td class=\"has-text-align-center\" data-align=\"center\"><strong><mark style=\"background-color:rgba(0, 0, 0, 0)\" class=\"has-inline-color has-custom-yellow-color\">Video Editing<\/mark><\/strong><\/td><td class=\"has-text-align-left\" data-align=\"left\">Video editing<br>Color correction<\/td><td class=\"has-text-align-center\" data-align=\"center\"><em><em>from 29\u20ac<\/em>\/hour<\/em><\/td><\/tr><tr><td class=\"has-text-align-center\" data-align=\"center\"><strong><mark style=\"background-color:rgba(0, 0, 0, 0)\" class=\"has-inline-color has-custom-yellow-color\">Photo Editing<\/mark><\/strong><\/td><td class=\"has-text-align-left\" data-align=\"left\">Selection of photo material<br>Color correction<\/td><td class=\"has-text-align-center\" data-align=\"center\"><em><em>from 29\u20ac<\/em>\/hour<\/em><\/td><\/tr><tr><td class=\"has-text-align-center\" data-align=\"center\"><strong><mark style=\"background-color:rgba(0, 0, 0, 0)\" class=\"has-inline-color has-custom-yellow-color\">360\u00b0 Tour Editing<\/mark><\/strong><\/td><td class=\"has-text-align-left\" data-align=\"left\">360\u00b0 tour editing<br>Color correction<\/td><td class=\"has-text-align-center\" data-align=\"center\"><em>from 39\u20ac<\/em>\/hour<\/td><\/tr><\/tbody><\/table><\/figure>\n<\/div>\n\n\n\n<div class=\"wp-block-group alignwide has-global-padding is-content-justification-left is-layout-constrained wp-container-core-group-is-layout-12dd3699 wp-block-group-is-layout-constrained\">\n<p class=\"has-text-align-left has-custom-yellow-color has-text-color has-link-color has-medium-font-size wp-elements-6f42b1e131ba7b2332db029056ea169b\"><em><em>The client is always provided with the original footage.<\/em><\/em><\/p>\n<\/div>","protected":false},"excerpt":{"rendered":"<p>SERVICES Filmavimas kameriniu dronu (&#8222;DJI&#8221;) Vaizdo \u012fra\u0161o rai\u0161ka: iki 4KIki 60 kadr\u0173 per sekund\u0119.Tinka filmuoti lauke. nuo 29\u20ac\/val. Fotografija kameriniu dronu (&#8222;DJI&#8221;) Nuotrauk\u0173 rai\u0161ka: iki 4KTinka fotografuoti lauke. nuo 29\u20ac\/val. 360\u00b0 Fotografija 360\u00b0 panoramin\u0117s nuotraukosNuotrauk\u0173 rai\u0161ka: 5,7K.Galima per\u017ei\u016br\u0117ti nar\u0161ykl\u0117je, mobiliuosiuose \u012frenginiuose ir VR platformose. nuo 29\u20ac\/val. 360\u00b0 Video 360\u00b0 panoraminis vaizdo \u012fra\u0161asNuotrauk\u0173 rai\u0161ka: 5,7K.Galima per\u017ei\u016br\u0117ti [&hellip;]<\/p>","protected":false},"author":1,"featured_media":0,"parent":0,"menu_order":2,"comment_status":"closed","ping_status":"closed","template":"page-no-title","meta":{"footnotes":""},"class_list":["post-153","page","type-page","status-publish","hentry"],"_links":{"self":[{"href":"https:\/\/dronai360.lt\/en\/wp-json\/wp\/v2\/pages\/153","targetHints":{"allow":["GET"]}}],"collection":[{"href":"https:\/\/dronai360.lt\/en\/wp-json\/wp\/v2\/pages"}],"about":[{"href":"https:\/\/dronai360.lt\/en\/wp-json\/wp\/v2\/types\/page"}],"author":[{"embeddable":true,"href":"https:\/\/dronai360.lt\/en\/wp-json\/wp\/v2\/users\/1"}],"replies":[{"embeddable":true,"href":"https:\/\/dronai360.lt\/en\/wp-json\/wp\/v2\/comments?post=153"}],"version-history":[{"count":22,"href":"https:\/\/dronai360.lt\/en\/wp-json\/wp\/v2\/pages\/153\/revisions"}],"predecessor-version":[{"id":256,"href":"https:\/\/dronai360.lt\/en\/wp-json\/wp\/v2\/pages\/153\/revisions\/256"}],"wp:attachment":[{"href":"https:\/\/dronai360.lt\/en\/wp-json\/wp\/v2\/media?parent=153"}],"curies":[{"name":"wp","href":"https:\/\/api.w.org\/{rel}","templated":true}]}}